{"id":389,"date":"2021-11-15T15:53:37","date_gmt":"2021-11-15T15:53:37","guid":{"rendered":"https:\/\/manualdabe.com\/?page_id=389"},"modified":"2025-05-30T04:40:02","modified_gmt":"2025-05-30T04:40:02","slug":"declaracion","status":"publish","type":"page","link":"https:\/\/manualdabe.com\/en\/declaracion\/","title":{"rendered":"Statement"},"content":{"rendered":"<p>[et_pb_section fb_built=\u00bb1&#8243; _builder_version=\u00bb4.23.1&#8243; _module_preset=\u00bbdefault\u00bb custom_padding=\u00bb8px||0px|||\u00bb hover_enabled=\u00bb0&#8243; global_colors_info=\u00bb{}\u00bb animation_style=\u00bbfade\u00bb animation_duration=\u00bb1250ms\u00bb sticky_enabled=\u00bb0&#8243;][et_pb_row column_structure=\u00bb1_2,1_2&#8243; _builder_version=\u00bb4.16&#8243; _module_preset=\u00bbdefault\u00bb custom_margin=\u00bb17px|auto||auto||\u00bb custom_padding=\u00bb27px|||||\u00bb global_colors_info=\u00bb{}\u00bb][et_pb_column type=\u00bb1_2&#8243; _builder_version=\u00bb4.16&#8243; _module_preset=\u00bbdefault\u00bb global_colors_info=\u00bb{}\u00bb][et_pb_text _builder_version=\u00bb4.16&#8243; _module_preset=\u00bbdefault\u00bb header_font=\u00bbMontserrat|600|||||||\u00bb custom_margin=\u00bb2px||22px|||\u00bb global_colors_info=\u00bb{}\u00bb]<\/p>\n<h1>Statement<\/h1>\n<p>[\/et_pb_text][et_pb_text _builder_version=\u00bb4.16&#8243; _module_preset=\u00bbdefault\u00bb text_font=\u00bbMontserrat||||||||\u00bb link_text_color=\u00bbrgba(0,0,0,0.8)\u00bb global_colors_info=\u00bb{}\u00bb link_text_color__hover_enabled=\u00bbon|hover\u00bb link_text_color__hover=\u00bbrgba(0,0,0,0.46)\u00bb]<\/p>\n<p><span style=\"font-weight: 400;\">I investigate ancient and experimental photographic techniques, fusing the analogue with the digital age. I explore memories, human rights, female identities within gender theory and merge them with botany. I investigate the links between women as well as the complicity between them.<\/span><\/p>\n<p><span style=\"font-weight: 400;\">I use photoreportage as a starting point to tell the story of vulnerability, sexual abuse and violence with respect and love. Sometimes I immerse myself in borderline situations that involve participating in projects in prison contexts\u2019 working with families of victims of feminicide and in red zones, victims of torture and the disappeared.<\/span><\/p>\n<p><span style=\"font-weight: 400;\">The world of flowers and plants challenges me and with them I heal, my work seeks beauty, in the terrible and in the most beautiful. My works are portals of light.<\/span><\/p>\n<p><span><\/span><\/p>\n<p><a href=\"https:\/\/manualdabe.com\/en\/sobre-mi\/\" title=\"About \"><span>About <\/span><\/a><br \/><a href=\"https:\/\/manualdabe.com\/en\/cv\/\" title=\"Curriculum\"><span>CV<\/span><\/a><\/p>\n<p>[\/et_pb_text][\/et_pb_column][et_pb_column type=\u00bb1_2&#8243; _builder_version=\u00bb4.16&#8243; _module_preset=\u00bbdefault\u00bb global_colors_info=\u00bb{}\u00bb][et_pb_image src=\u00bbhttps:\/\/manualdabe.com\/wp-content\/uploads\/2021\/11\/original_e07e258a-f751-4bce-b1b6-0fc07458eafa_IMG_20210609_211130.jpg\u00bb title_text=\u00bboriginal_e07e258a-f751-4bce-b1b6-0fc07458eafa_IMG_20210609_211130&#8243; align=\u00bbcenter\u00bb module_class=\u00bbzoooom\u00bb _builder_version=\u00bb4.16&#8243; _module_preset=\u00bbdefault\u00bb global_colors_info=\u00bb{}\u00bb][\/et_pb_image][\/et_pb_column][\/et_pb_row][\/et_pb_section]<\/p>","protected":false},"excerpt":{"rendered":"<p>Declaraci\u00f3nInvestigo t\u00e9cnicas fotogr\u00e1ficas antiguas y experimentales, fusiono lo anal\u00f3gico con la era digital. Exploro memorias, derechos humanos, identidades femeninas dentro de la teor\u00eda de genero y las fusiono con la bot\u00e1nica. Investigo los v\u00ednculos entre las mujeres como as\u00ed la complicidad entre ellas. Parto del fotoreportaje para contar con respeto y amor la vulnerabilidad\u201a el [&hellip;]<\/p>","protected":false},"author":1,"featured_media":0,"parent":0,"menu_order":0,"comment_status":"closed","ping_status":"closed","template":"","meta":{"_et_pb_use_builder":"on","_et_pb_old_content":"","_et_gb_content_width":"","footnotes":""},"class_list":["post-389","page","type-page","status-publish","hentry"],"_links":{"self":[{"href":"https:\/\/manualdabe.com\/en\/wp-json\/wp\/v2\/pages\/389","targetHints":{"allow":["GET"]}}],"collection":[{"href":"https:\/\/manualdabe.com\/en\/wp-json\/wp\/v2\/pages"}],"about":[{"href":"https:\/\/manualdabe.com\/en\/wp-json\/wp\/v2\/types\/page"}],"author":[{"embeddable":true,"href":"https:\/\/manualdabe.com\/en\/wp-json\/wp\/v2\/users\/1"}],"replies":[{"embeddable":true,"href":"https:\/\/manualdabe.com\/en\/wp-json\/wp\/v2\/comments?post=389"}],"version-history":[{"count":25,"href":"https:\/\/manualdabe.com\/en\/wp-json\/wp\/v2\/pages\/389\/revisions"}],"predecessor-version":[{"id":3036,"href":"https:\/\/manualdabe.com\/en\/wp-json\/wp\/v2\/pages\/389\/revisions\/3036"}],"wp:attachment":[{"href":"https:\/\/manualdabe.com\/en\/wp-json\/wp\/v2\/media?parent=389"}],"curies":[{"name":"wp","href":"https:\/\/api.w.org\/{rel}","templated":true}]}}