{"id":383,"date":"2021-11-15T15:48:32","date_gmt":"2021-11-15T15:48:32","guid":{"rendered":"https:\/\/manualdabe.com\/?page_id=383"},"modified":"2025-05-30T04:40:33","modified_gmt":"2025-05-30T04:40:33","slug":"cv","status":"publish","type":"page","link":"https:\/\/manualdabe.com\/en\/cv\/","title":{"rendered":"CV"},"content":{"rendered":"<p>[et_pb_section fb_built=\u00bb1&#8243; _builder_version=\u00bb4.23.1&#8243; _module_preset=\u00bbdefault\u00bb custom_margin=\u00bb||62px|||\u00bb custom_padding=\u00bb25px||4px|||\u00bb hover_enabled=\u00bb0&#8243; global_colors_info=\u00bb{}\u00bb animation_style=\u00bbfade\u00bb animation_duration=\u00bb1250ms\u00bb sticky_enabled=\u00bb0&#8243;][et_pb_row column_structure=\u00bb1_2,1_2&#8243; _builder_version=\u00bb4.16&#8243; _module_preset=\u00bbdefault\u00bb custom_margin=\u00bb23px|auto|7px|auto||\u00bb custom_padding=\u00bb16px||29px|||\u00bb global_colors_info=\u00bb{}\u00bb][et_pb_column type=\u00bb1_2&#8243; _builder_version=\u00bb4.16&#8243; _module_preset=\u00bbdefault\u00bb global_colors_info=\u00bb{}\u00bb][et_pb_text _builder_version=\u00bb4.16&#8243; _module_preset=\u00bbdefault\u00bb header_font=\u00bbMontserrat|600|||||||\u00bb custom_margin=\u00bb||38px|||\u00bb custom_padding=\u00bb||0px|||\u00bb global_colors_info=\u00bb{}\u00bb]<\/p>\n<h1>CV<\/h1>\n<p>[\/et_pb_text][et_pb_text _builder_version=\u00bb4.17.6&#8243; _module_preset=\u00bbdefault\u00bb text_font=\u00bbMontserrat||||||||\u00bb text_text_color=\u00bbrgba(0,0,0,0.6)\u00bb link_text_color=\u00bbrgba(0,0,0,0.7)\u00bb header_2_font=\u00bbMontserrat||||||||\u00bb header_2_text_color=\u00bbrgba(0,0,0,0.6)\u00bb header_2_font_size=\u00bb18px\u00bb custom_margin=\u00bb||-19px|||\u00bb global_colors_info=\u00bb{}\u00bb]<\/p>\n<p><span>I began my photographic studies in 1992, at the  \u201cDimensi\u00f3n Visual\u201d   School of Photography. At the age of 22 I went to Rome to study photography at the Scuola Scienza e Tecnica del and Historical Sciences at the Universit\u00e1 Roma III while collaborating as a photographer for the Associated Press News Agency. In the eternal city, the great artist Riccardo Mannelli was my teacher. I was a member of Forte Prenestino, an underground cultural space. I lived for two years in Amsterdam, as part of Overtoom 301 \/ ex FilmaKademie, an alternative space for contemporary artists from all over the world.<\/span><\/p>\n<p><span>Ganadora del VII Premio Nacional de Prensa Escrita Marcelo Jel\u00e9n soy fotoperiodista colaboradora de La Diaria, dedic\u00e1ndome a tem\u00e1ticas de arte, cultura y Derechos Humanos. Durante m\u00e1s de cinco a\u00f1os fui fot\u00f3grafa colaboradora del Semanario Brecha.\u00a0<\/span>Desde el 2016 investigo t\u00e9cnicas fotogr\u00e1ficas y antiguas. En 2019 realic\u00e9 el retrato de Ida Vitale Premio Cervantes 2019, en platino paladio, siendo la primera artista visual sudamericana en integrar la galer\u00eda Premios Cervantes en la Biblioteca Nacional de Espa\u00f1a.<\/p>\n<p><span>Volv\u00ed a Uruguay en el 2010, realic\u00e9 el primer banco de im\u00e1genes de poblaci\u00f3n uruguaya para ONU Uruguay, ganadora de concurso\u00a0UNFPA Uruguay. Soy docente de Espacio de arte en la UTU Uruguay, y de fotograf\u00eda en Foto Club Uruguayo. He dado cursos en Bellas Artes UDELAR, Universidad Cat\u00f3lica del Uruguay, y tallerista en el Centro de Fotograf\u00eda de Montevideo, en el EAC, en Cure Maldonado\u201a (UDELAR), C\u00e1rcel de Mujeres\u201a en el Centro Cultural Goes, en el Centro Cultural Espa\u00f1a.<\/span><\/p>\n<p>Realic\u00e9 el posgrado en Arte, Memoria y Comunicaci\u00f3n de FLACSO Argentina. (noviembre 2021) y estudio Correcci\u00f3n de Estilo en Facultad de Humanidades, UDELAR.<\/p>\n<p>Artista Visual, realic\u00e9 una residencia durante un a\u00f1o en el Museo de la Memoria de Montevideo. He participado en tres Salones Nacionales de Artes Visuales, en dos Premio Montevideo, expuesto de forma colectiva e individual (Cabildo de Montevideo, Foto Club Uruguayo, Centro Cultural Conti y otros hermosos lugares formales e informales.) Trabajo en gran formato, sobre papel, lienzo, madera, mis obras contienen instalaciones video, es la obra que me indica el soporte y material.<\/p>\n<p>Manuela Aldabe, art\u00edculos La Diaria<span>\u00a0<\/span><strong><a href=\"https:\/\/ladiaria.com.uy\/periodista\/manuela-aldabe\/\" target=\"_blank\" data-saferedirecturl=\"https:\/\/www.google.com\/url?q=https:\/\/ladiaria.com.uy\/periodista\/manuela-aldabe\/&amp;source=gmail&amp;ust=1686144882512000&amp;usg=AOvVaw1aoifLOA2rDJyuZJbW7k98\" rel=\"noopener\">https:\/\/ladiaria.com.uy\/<wbr \/>periodista\/manuela-aldabe\/<\/a><\/strong><\/p>\n<p>[\/et_pb_text][\/et_pb_column][et_pb_column type=\u00bb1_2&#8243; _builder_version=\u00bb4.16&#8243; _module_preset=\u00bbdefault\u00bb global_colors_info=\u00bb{}\u00bb][et_pb_text _builder_version=\u00bb4.17.6&#8243; _module_preset=\u00bbdefault\u00bb text_font=\u00bbMontserrat|300|||||||\u00bb text_text_color=\u00bbrgba(0,0,0,0.87)\u00bb link_text_color=\u00bbrgba(0,0,0,0.7)\u00bb header_2_font=\u00bbMontserrat||||||||\u00bb header_2_text_color=\u00bbrgba(0,0,0,0.6)\u00bb header_2_font_size=\u00bb18px\u00bb custom_margin=\u00bb49px||49px|||\u00bb global_colors_info=\u00bb{}\u00bb]<\/p>\n<h2><b>My main exhibitions<\/b><\/h2>\n<p><span style=\"font-weight: 400;\">Museo Nacional de Artes Visuales \/ Espacio de Arte Contempor\u00e1neo \/ IMPO \/ Centro de Exposiciones SUBTE \/ Cabildo de Montevideo \/ DNC MEC \/ Universit\u00e1 La Sapienza in Rome, Italy \/ Museo de la Memoria Ex ESMA in Buenos Aires.<\/span><\/p>\n<h2><b>Awards and mentions<\/b><\/h2>\n<p><span>Premio Nacional de Prensa Escrita Marcelo Jalen, 2022<\/span><\/p>\n<p><span>Cabildo de Montevideo, obra adquisici\u00f3n, 2022<\/span><\/p>\n<p><span>Planeta Azul, Museo de la Memoria, obra permanente en la glorieta del Parque de la Memoria, Montevideo. 2021<\/span><\/p>\n<p><span>Retrato de Ida vitale, obra adquisici\u00f3n Biblioteca Nacional de Espa\u00f1a, Premios Cervantes. 2020<br \/><\/span><\/p>\n<p>Seleccionada para los Salones Nacionales de Artes Visuales 2016, 2018 y 2020<\/p>\n<p><span>Seleccionada para losPremios Artes Visuales Montevideo 2017 y 2019<\/span><\/p>\n<p><span>Menci\u00f3n Premio Nacional de Fotograf\u00eda Uruguay 2018<\/span><\/p>\n<p><span>Ganadora del premio Residencia Espacio de Arte Contempor\u00e1neo en Buenos Aires, en CHELA, 2019<\/span><\/p>\n<p><span>Menci\u00f3n de honor en el Sal\u00f3n Premio Montevideo 2019<\/span><\/p>\n<p><span>Ganadora de Fondos Concursables 2016, Fotograf\u00eda.<\/span><\/p>\n<p><span style=\"color: #333333;\"><a href=\"https:\/\/manualdabe.com\/wp-content\/uploads\/2022\/06\/cv_aldabe_2022.pdf\" title=\"Download CV\" target=\"_blank\" rel=\"noopener\" style=\"color: #333333;\"><strong>Download CV<\/strong><\/a><\/span><\/p>\n<p>[\/et_pb_text][et_pb_text _builder_version=\u00bb4.16&#8243; _module_preset=\u00bbdefault\u00bb link_text_color=\u00bbrgba(0,0,0,0.79)\u00bb global_colors_info=\u00bb{}\u00bb link_text_color__hover_enabled=\u00bbon|hover\u00bb link_text_color__hover=\u00bbrgba(0,0,0,0.45)\u00bb]<\/p>\n<p><a href=\"https:\/\/manualdabe.com\/en\/sobre-mi\/\" title=\"About\">About<\/a><br \/><a href=\"https:\/\/manualdabe.com\/en\/declaracion\/\" title=\"Statement\">Statement<\/a><\/p>\n<p>[\/et_pb_text][\/et_pb_column][\/et_pb_row][\/et_pb_section]<\/p>","protected":false},"excerpt":{"rendered":"<p>CVComenc\u00e9 mi formaci\u00f3n fotogr\u00e1fica en 1992, en la Escuela de Fotograf\u00eda Dimensi\u00f3n Visual. A los 22 a\u00f1os me fui a Roma a estudiar fotograf\u00eda en la Scuola Scienza e Tecnica del Municipio de Roma y Ciencias Hist\u00f3ricas en la Universit\u00e1 Roma III, fui colaboradora de la Agencia de Noticias Associated Press. En la ciudad eterna, [&hellip;]<\/p>","protected":false},"author":1,"featured_media":0,"parent":0,"menu_order":0,"comment_status":"closed","ping_status":"closed","template":"","meta":{"_et_pb_use_builder":"on","_et_pb_old_content":"","_et_gb_content_width":"","footnotes":""},"class_list":["post-383","page","type-page","status-publish","hentry"],"_links":{"self":[{"href":"https:\/\/manualdabe.com\/en\/wp-json\/wp\/v2\/pages\/383","targetHints":{"allow":["GET"]}}],"collection":[{"href":"https:\/\/manualdabe.com\/en\/wp-json\/wp\/v2\/pages"}],"about":[{"href":"https:\/\/manualdabe.com\/en\/wp-json\/wp\/v2\/types\/page"}],"author":[{"embeddable":true,"href":"https:\/\/manualdabe.com\/en\/wp-json\/wp\/v2\/users\/1"}],"replies":[{"embeddable":true,"href":"https:\/\/manualdabe.com\/en\/wp-json\/wp\/v2\/comments?post=383"}],"version-history":[{"count":63,"href":"https:\/\/manualdabe.com\/en\/wp-json\/wp\/v2\/pages\/383\/revisions"}],"predecessor-version":[{"id":3037,"href":"https:\/\/manualdabe.com\/en\/wp-json\/wp\/v2\/pages\/383\/revisions\/3037"}],"wp:attachment":[{"href":"https:\/\/manualdabe.com\/en\/wp-json\/wp\/v2\/media?parent=383"}],"curies":[{"name":"wp","href":"https:\/\/api.w.org\/{rel}","templated":true}]}}