{"id":2926,"date":"2025-05-29T04:28:59","date_gmt":"2025-05-29T04:28:59","guid":{"rendered":"https:\/\/manualdabe.com\/?page_id=2926"},"modified":"2025-08-01T05:27:42","modified_gmt":"2025-08-01T05:27:42","slug":"periodismo","status":"publish","type":"page","link":"https:\/\/manualdabe.com\/en\/periodismo\/","title":{"rendered":"Periodismo"},"content":{"rendered":"<p>[et_pb_section fb_built=\u00bb1&#8243; _builder_version=\u00bb4.23.1&#8243; _module_preset=\u00bbdefault\u00bb custom_margin=\u00bb0px||30px||false|false\u00bb custom_padding=\u00bb80px||25px||false|false\u00bb animation_style=\u00bbfade\u00bb animation_duration=\u00bb1250ms\u00bb global_colors_info=\u00bb{}\u00bb][et_pb_row column_structure=\u00bb3_5,2_5&#8243; _builder_version=\u00bb4.16&#8243; _module_preset=\u00bbdefault\u00bb custom_margin=\u00bb6px|auto|3px|auto||\u00bb custom_padding=\u00bb5px||3px|||\u00bb global_colors_info=\u00bb{}\u00bb][et_pb_column type=\u00bb3_5&#8243; _builder_version=\u00bb4.16&#8243; _module_preset=\u00bbdefault\u00bb global_colors_info=\u00bb{}\u00bb][et_pb_text _builder_version=\u00bb4.23.1&#8243; _module_preset=\u00bbdefault\u00bb text_line_height=\u00bb0.3em\u00bb header_font=\u00bbMontserrat|700|||||||\u00bb header_text_color=\u00bb#000000&#8243; header_font_size=\u00bb40px\u00bb custom_margin=\u00bb||1px||false|false\u00bb hover_enabled=\u00bb0&#8243; global_colors_info=\u00bb{}\u00bb sticky_enabled=\u00bb0&#8243;]<\/p>\n<h1 class=\"tw-data-text tw-text-large tw-ta\" data-placeholder=\"Traducci\u00f3n\" id=\"tw-target-text\" dir=\"ltr\" style=\"text-align: left;\"><span style=\"font-weight: 400;\"><strong>Algunos Art\u00edculos Peri\u00f3dicos:<\/strong><\/span><\/h1>\n<p>[\/et_pb_text][et_pb_text _builder_version=\u00bb4.23.1&#8243; _module_preset=\u00bbdefault\u00bb header_text_color=\u00bb#000000&#8243; header_2_font=\u00bbMontserrat|700|||||||\u00bb header_2_text_color=\u00bbrgba(0,0,0,0.9)\u00bb header_2_font_size=\u00bb18px\u00bb header_3_font=\u00bbMontserrat|500|||||||\u00bb header_3_text_color=\u00bb#000000&#8243; custom_margin=\u00bb4px||0px||false|false\u00bb custom_padding=\u00bb4px||0px||false|false\u00bb hover_enabled=\u00bb0&#8243; global_colors_info=\u00bb{}\u00bb sticky_enabled=\u00bb0&#8243;]<\/p>\n<h2 class=\"tw-data-text tw-text-large tw-ta\" data-placeholder=\"Traducci\u00f3n\" id=\"tw-target-text\" dir=\"ltr\"><a href=\"https:\/\/www.unesco.org\/es\/articles\/investigacion-desde-el-fotoperiodismo-manuela-aldabe-premio-nacional-de-prensa-escrita-en-uruguay\" target=\"_blank\" rel=\"noopener\" title=\"Premio Nacional de Prensa Escrita en Uruguay \/ Unesco\">Premio Nacional de Prensa Escrita en Uruguay \/\u00a0Unesco<\/a><\/h2>\n<p>[\/et_pb_text][\/et_pb_column][et_pb_column type=\u00bb2_5&#8243; _builder_version=\u00bb4.16&#8243; _module_preset=\u00bbdefault\u00bb global_colors_info=\u00bb{}\u00bb][\/et_pb_column][\/et_pb_row][et_pb_row column_structure=\u00bb3_4,1_4&#8243; _builder_version=\u00bb4.16&#8243; _module_preset=\u00bbdefault\u00bb custom_margin=\u00bb6px|auto|3px|auto||\u00bb custom_padding=\u00bb5px||3px|||\u00bb global_colors_info=\u00bb{}\u00bb][et_pb_column type=\u00bb3_4&#8243; _builder_version=\u00bb4.16&#8243; _module_preset=\u00bbdefault\u00bb global_colors_info=\u00bb{}\u00bb][et_pb_text _builder_version=\u00bb4.23.1&#8243; _module_preset=\u00bbdefault\u00bb text_font=\u00bbMontserrat||||||||\u00bb header_font=\u00bbMontserrat||||||||\u00bb header_text_color=\u00bbrgba(0,0,0,0.89)\u00bb header_font_size=\u00bb18px\u00bb header_line_height=\u00bb1.6em\u00bb width=\u00bb100%\u00bb custom_margin=\u00bb0px||20px||false|false\u00bb custom_padding=\u00bb5px|||||\u00bb hover_enabled=\u00bb0&#8243; border_radii=\u00bboff||||\u00bb global_colors_info=\u00bb{}\u00bb sticky_enabled=\u00bb0&#8243; link_font=\u00bb|600|||||||\u00bb link_text_color=\u00bbrgba(5,109,193,0.89)\u00bb]<\/p>\n<h1>Manuela Aldabe es periodista, ha colaborado con distintos medios y plataformas en Italia, EEUU y Uruguay.<\/h1>\n<h1>Premio Nacional de Prensa Escrita en Uruguay \u201cMarcelo Jelen\u201d 2023 se form\u00f3 en Italia junto al artista y periodista sat\u00edrico italiano Riccardo Mannelli. Estudi\u00f3 Historia en la Universidad de Roma III, realiz\u00f3 su pasant\u00eda en Associated Press sede romana, form\u00f3 parte de la redacci\u00f3n informativa de Radio Onda Rossa durante cinco a\u00f1os y fue corresponsal desde Italia para Free Speech Radio News, emisora estadounidense.<\/h1>\n<h1>Colabora con La Diaria y su revista Lento desde hace m\u00e1s de una d\u00e9cada, desde que volvi\u00f3 a vivir a Uruguay. <a href=\"https:\/\/ladiaria.com.uy\/periodista\/manuela-aldabe\/\" target=\"_blank\" rel=\"noopener\">Link a los art\u00edculos en La Diaria y Lento.<\/a><\/h1>\n<h1>Entre sus principales temas, en m\u00e1s de veinte a\u00f1os de investigaci\u00f3n fotogr\u00e1fica, radiof\u00f3nica y escrita, los Derechos Humanos han sido eje de sus reportajes. La migraci\u00f3n en Europa, el derecho a la vivienda y las ocupaciones en Italia, Alemania y Holanda, la violencia de g\u00e9nero en Argentina y Uruguay, el arte y la cultura como formas expresivas de defensa de la libertad son sus principales temas que utiliza como semillas para sus procesos art\u00edsticos.<\/h1>\n<p>[\/et_pb_text][\/et_pb_column][et_pb_column type=\u00bb1_4&#8243; _builder_version=\u00bb4.16&#8243; _module_preset=\u00bbdefault\u00bb global_colors_info=\u00bb{}\u00bb][\/et_pb_column][\/et_pb_row][\/et_pb_section][et_pb_section fb_built=\u00bb1&#8243; _builder_version=\u00bb4.23.1&#8243; _module_preset=\u00bbdefault\u00bb custom_margin=\u00bb4px||-6px|||\u00bb custom_padding=\u00bb10px||21px|||\u00bb animation_style=\u00bbfade\u00bb animation_duration=\u00bb1300ms\u00bb global_colors_info=\u00bb{}\u00bb][et_pb_row _builder_version=\u00bb4.16&#8243; _module_preset=\u00bbdefault\u00bb custom_margin=\u00bb-3px|auto|43px|auto||\u00bb custom_padding=\u00bb4px||9px|||\u00bb global_colors_info=\u00bb{}\u00bb][et_pb_column type=\u00bb4_4&#8243; _builder_version=\u00bb4.16&#8243; _module_preset=\u00bbdefault\u00bb global_colors_info=\u00bb{}\u00bb][et_pb_text _builder_version=\u00bb4.23.1&#8243; _module_preset=\u00bbdefault\u00bb header_text_color=\u00bb#000000&#8243; header_2_font=\u00bb||||||||\u00bb header_2_text_color=\u00bb#000000&#8243; header_3_font=\u00bbMontserrat|500|||||||\u00bb header_3_text_color=\u00bb#000000&#8243; custom_margin=\u00bb30px||0px||false|false\u00bb custom_padding=\u00bb||0px|||\u00bb global_colors_info=\u00bb{}\u00bb]<\/p>\n<h2 class=\"tw-data-text tw-text-large tw-ta\" data-placeholder=\"Traducci\u00f3n\" id=\"tw-target-text\" dir=\"ltr\"><strong><span class=\"Y2IQFc\" lang=\"en\">Revista Lento \/ <\/span><\/strong><span class=\"Y2IQFc\" lang=\"en\">Activistas del Boicot<\/span><\/h2>\n<p>[\/et_pb_text][et_pb_image src=\u00bbhttps:\/\/manualdabe.com\/wp-content\/uploads\/2025\/05\/Lento_Activistas-del-Boicot-796&#215;1024.jpg\u00bb title_text=\u00bbLento_Activistas del Boicot\u00bb url=\u00bbhttps:\/\/manualdabe.com\/wp-content\/uploads\/2025\/05\/Lento_Activistas-del-Boicot.pdf\u00bb url_new_window=\u00bbon\u00bb _builder_version=\u00bb4.23.1&#8243; _module_preset=\u00bbdefault\u00bb custom_margin=\u00bb20px||10px||false|false\u00bb global_colors_info=\u00bb{}\u00bb][\/et_pb_image][\/et_pb_column][\/et_pb_row][\/et_pb_section][et_pb_section fb_built=\u00bb1&#8243; _builder_version=\u00bb4.23.1&#8243; _module_preset=\u00bbdefault\u00bb custom_margin=\u00bb4px||-6px|||\u00bb custom_padding=\u00bb10px||21px|||\u00bb animation_style=\u00bbfade\u00bb animation_duration=\u00bb1250ms\u00bb global_colors_info=\u00bb{}\u00bb][et_pb_row _builder_version=\u00bb4.16&#8243; _module_preset=\u00bbdefault\u00bb custom_margin=\u00bb-3px|auto|43px|auto||\u00bb custom_padding=\u00bb4px||9px|||\u00bb global_colors_info=\u00bb{}\u00bb][et_pb_column type=\u00bb4_4&#8243; _builder_version=\u00bb4.16&#8243; _module_preset=\u00bbdefault\u00bb global_colors_info=\u00bb{}\u00bb][et_pb_text _builder_version=\u00bb4.23.1&#8243; _module_preset=\u00bbdefault\u00bb header_text_color=\u00bb#000000&#8243; header_2_font=\u00bb||||||||\u00bb header_2_text_color=\u00bb#000000&#8243; header_3_font=\u00bbMontserrat|500|||||||\u00bb header_3_text_color=\u00bb#000000&#8243; custom_margin=\u00bb30px||0px||false|false\u00bb custom_padding=\u00bb||0px|||\u00bb global_colors_info=\u00bb{}\u00bb]<\/p>\n<h2 class=\"tw-data-text tw-text-large tw-ta\" data-placeholder=\"Traducci\u00f3n\" id=\"tw-target-text\" dir=\"ltr\"><strong><span class=\"Y2IQFc\" lang=\"en\">Revista Lento \/ <\/span><\/strong><span class=\"Y2IQFc\" lang=\"en\">Pulsa el Arte en la Ciudad<\/span><\/h2>\n<p>[\/et_pb_text][et_pb_image src=\u00bbhttps:\/\/manualdabe.com\/wp-content\/uploads\/2025\/05\/Lento_Pulsa-el-Arte-en-la-Ciudad-2-794&#215;1024.jpg\u00bb title_text=\u00bbLento_Pulsa el Arte en la Ciudad-2&#8243; url=\u00bbhttps:\/\/manualdabe.com\/wp-content\/uploads\/2025\/05\/Lento_Pulsa-el-Arte-en-la-Ciudad.pdf\u00bb url_new_window=\u00bbon\u00bb _builder_version=\u00bb4.23.1&#8243; _module_preset=\u00bbdefault\u00bb custom_margin=\u00bb20px||10px||false|false\u00bb global_colors_info=\u00bb{}\u00bb][\/et_pb_image][\/et_pb_column][\/et_pb_row][\/et_pb_section][et_pb_section fb_built=\u00bb1&#8243; _builder_version=\u00bb4.23.1&#8243; _module_preset=\u00bbdefault\u00bb custom_margin=\u00bb4px||-6px|||\u00bb custom_padding=\u00bb10px||21px|||\u00bb animation_style=\u00bbfade\u00bb animation_duration=\u00bb1250ms\u00bb global_colors_info=\u00bb{}\u00bb][et_pb_row _builder_version=\u00bb4.16&#8243; _module_preset=\u00bbdefault\u00bb custom_margin=\u00bb-3px|auto|43px|auto||\u00bb custom_padding=\u00bb4px||9px|||\u00bb global_colors_info=\u00bb{}\u00bb][et_pb_column type=\u00bb4_4&#8243; _builder_version=\u00bb4.16&#8243; _module_preset=\u00bbdefault\u00bb global_colors_info=\u00bb{}\u00bb][et_pb_text _builder_version=\u00bb4.23.1&#8243; _module_preset=\u00bbdefault\u00bb header_text_color=\u00bb#000000&#8243; header_2_font=\u00bb||||||||\u00bb header_2_text_color=\u00bb#000000&#8243; header_3_font=\u00bbMontserrat|500|||||||\u00bb header_3_text_color=\u00bb#000000&#8243; custom_margin=\u00bb30px||0px||false|false\u00bb custom_padding=\u00bb||0px|||\u00bb global_colors_info=\u00bb{}\u00bb]<\/p>\n<h2 class=\"tw-data-text tw-text-large tw-ta\" data-placeholder=\"Traducci\u00f3n\" id=\"tw-target-text\" dir=\"ltr\"><strong><span class=\"Y2IQFc\" lang=\"en\">Revista Lento \/ <\/span><\/strong><span class=\"Y2IQFc\" lang=\"en\">Todas Somos Medicina<\/span><\/h2>\n<p>[\/et_pb_text][et_pb_image src=\u00bbhttps:\/\/manualdabe.com\/wp-content\/uploads\/2025\/05\/Lento_Todas-somos-medicina-766&#215;1024.jpg\u00bb title_text=\u00bbLento_Todas somos medicina\u00bb url=\u00bbhttps:\/\/manualdabe.com\/wp-content\/uploads\/2025\/05\/Lento_Todas-somos-medicina.pdf\u00bb url_new_window=\u00bbon\u00bb _builder_version=\u00bb4.23.1&#8243; _module_preset=\u00bbdefault\u00bb custom_margin=\u00bb20px||10px||false|false\u00bb global_colors_info=\u00bb{}\u00bb][\/et_pb_image][\/et_pb_column][\/et_pb_row][\/et_pb_section][et_pb_section fb_built=\u00bb1&#8243; _builder_version=\u00bb4.23.1&#8243; _module_preset=\u00bbdefault\u00bb custom_margin=\u00bb4px||-6px|||\u00bb custom_padding=\u00bb10px||21px|||\u00bb animation_style=\u00bbfade\u00bb animation_duration=\u00bb1250ms\u00bb global_colors_info=\u00bb{}\u00bb][et_pb_row _builder_version=\u00bb4.23.1&#8243; _module_preset=\u00bbdefault\u00bb custom_margin=\u00bb-3px|auto|43px|auto||\u00bb custom_padding=\u00bb4px||9px|||\u00bb global_colors_info=\u00bb{}\u00bb][et_pb_column type=\u00bb4_4&#8243; _builder_version=\u00bb4.23.1&#8243; _module_preset=\u00bbdefault\u00bb global_colors_info=\u00bb{}\u00bb][et_pb_text _builder_version=\u00bb4.23.1&#8243; _module_preset=\u00bbdefault\u00bb header_text_color=\u00bb#000000&#8243; header_2_font=\u00bb||||||||\u00bb header_2_text_color=\u00bb#000000&#8243; header_3_font=\u00bbMontserrat|500|||||||\u00bb header_3_text_color=\u00bb#000000&#8243; custom_margin=\u00bb30px||0px||false|false\u00bb custom_padding=\u00bb||0px|||\u00bb global_colors_info=\u00bb{}\u00bb]<\/p>\n<h2 class=\"tw-data-text tw-text-large tw-ta\" data-placeholder=\"Traducci\u00f3n\" id=\"tw-target-text\" dir=\"ltr\"><strong><span class=\"Y2IQFc\" lang=\"en\">La Diaria <\/span><span class=\"Y2IQFc\" lang=\"en\">\/ <\/span><\/strong><span class=\"Y2IQFc\" lang=\"en\">Fernando Botero y su Paloma de la Paz<\/span><\/h2>\n<p>[\/et_pb_text][et_pb_image src=\u00bbhttps:\/\/manualdabe.com\/wp-content\/uploads\/2025\/05\/ladiaria_Fernando-Botero-y-su-paloma-de-la-paz-pdf-842&#215;1024.jpg\u00bb title_text=\u00bbladiaria_Fernando Botero y su paloma de la paz\u00bb show_in_lightbox=\u00bbon\u00bb _builder_version=\u00bb4.23.1&#8243; _module_preset=\u00bbdefault\u00bb custom_margin=\u00bb9px||10px||false|false\u00bb custom_padding=\u00bb0px|||||\u00bb global_colors_info=\u00bb{}\u00bb][\/et_pb_image][\/et_pb_column][\/et_pb_row][\/et_pb_section][et_pb_section fb_built=\u00bb1&#8243; _builder_version=\u00bb4.23.1&#8243; _module_preset=\u00bbdefault\u00bb custom_margin=\u00bb4px||-6px|||\u00bb custom_padding=\u00bb10px||21px|||\u00bb animation_style=\u00bbfade\u00bb animation_duration=\u00bb1300ms\u00bb global_colors_info=\u00bb{}\u00bb][et_pb_row _builder_version=\u00bb4.16&#8243; _module_preset=\u00bbdefault\u00bb custom_margin=\u00bb-3px|auto|43px|auto||\u00bb custom_padding=\u00bb4px||9px|||\u00bb global_colors_info=\u00bb{}\u00bb][et_pb_column type=\u00bb4_4&#8243; _builder_version=\u00bb4.16&#8243; _module_preset=\u00bbdefault\u00bb global_colors_info=\u00bb{}\u00bb][et_pb_text _builder_version=\u00bb4.23.1&#8243; _module_preset=\u00bbdefault\u00bb header_text_color=\u00bb#000000&#8243; header_2_font=\u00bb||||||||\u00bb header_2_text_color=\u00bb#000000&#8243; header_3_font=\u00bbMontserrat|500|||||||\u00bb header_3_text_color=\u00bb#000000&#8243; custom_margin=\u00bb30px||0px||false|false\u00bb custom_padding=\u00bb||0px|||\u00bb global_colors_info=\u00bb{}\u00bb]<\/p>\n<h2 class=\"tw-data-text tw-text-large tw-ta\" data-placeholder=\"Traducci\u00f3n\" dir=\"ltr\"><strong><span class=\"Y2IQFc\" lang=\"en\">La Diaria \/ <\/span><\/strong>El incendio del Hotel Aramaya<\/h2>\n<p>[\/et_pb_text][et_pb_image src=\u00bbhttps:\/\/manualdabe.com\/wp-content\/uploads\/2025\/05\/ladiaria_El-incendio-del-hotel-Aramaya-657&#215;1024.jpg\u00bb title_text=\u00bbladiaria_El incendio del hotel Aramaya\u00bb url=\u00bbhttps:\/\/manualdabe.com\/wp-content\/uploads\/2023\/06\/Manu_Hotel.pdf\u00bb url_new_window=\u00bbon\u00bb _builder_version=\u00bb4.23.1&#8243; _module_preset=\u00bbdefault\u00bb custom_margin=\u00bb5px||10px||false|false\u00bb global_colors_info=\u00bb{}\u00bb][\/et_pb_image][\/et_pb_column][\/et_pb_row][\/et_pb_section][et_pb_section fb_built=\u00bb1&#8243; _builder_version=\u00bb4.23.1&#8243; _module_preset=\u00bbdefault\u00bb custom_margin=\u00bb4px||-6px|||\u00bb custom_padding=\u00bb10px||21px|||\u00bb animation_style=\u00bbfade\u00bb animation_duration=\u00bb1300ms\u00bb global_colors_info=\u00bb{}\u00bb][et_pb_row _builder_version=\u00bb4.16&#8243; _module_preset=\u00bbdefault\u00bb custom_margin=\u00bb-3px|auto|43px|auto||\u00bb custom_padding=\u00bb4px||9px|||\u00bb global_colors_info=\u00bb{}\u00bb][et_pb_column type=\u00bb4_4&#8243; _builder_version=\u00bb4.16&#8243; _module_preset=\u00bbdefault\u00bb global_colors_info=\u00bb{}\u00bb][et_pb_text _builder_version=\u00bb4.23.1&#8243; _module_preset=\u00bbdefault\u00bb header_text_color=\u00bb#000000&#8243; header_2_font=\u00bb||||||||\u00bb header_2_text_color=\u00bb#000000&#8243; header_3_font=\u00bbMontserrat|500|||||||\u00bb header_3_text_color=\u00bb#000000&#8243; custom_margin=\u00bb30px||0px||false|false\u00bb custom_padding=\u00bb||0px|||\u00bb global_colors_info=\u00bb{}\u00bb]<\/p>\n<h2 class=\"tw-data-text tw-text-large tw-ta\" data-placeholder=\"Traducci\u00f3n\" dir=\"ltr\"><strong><span class=\"Y2IQFc\" lang=\"en\">La Diaria \/ <\/span><\/strong>En Ella Estamos Todas<\/h2>\n<p>[\/et_pb_text][et_pb_image src=\u00bbhttps:\/\/manualdabe.com\/wp-content\/uploads\/2025\/05\/ladiaria_En-ella-estamos-todas-pdf-839&#215;1024.jpg\u00bb title_text=\u00bbladiaria_En ella estamos todas\u00bb url=\u00bbhttps:\/\/manualdabe.com\/wp-content\/uploads\/2025\/05\/ladiaria_En-ella-estamos-todas.pdf\u00bb url_new_window=\u00bbon\u00bb _builder_version=\u00bb4.23.1&#8243; _module_preset=\u00bbdefault\u00bb custom_margin=\u00bb7px||10px||false|false\u00bb global_colors_info=\u00bb{}\u00bb][\/et_pb_image][\/et_pb_column][\/et_pb_row][\/et_pb_section][et_pb_section fb_built=\u00bb1&#8243; _builder_version=\u00bb4.23.1&#8243; _module_preset=\u00bbdefault\u00bb custom_margin=\u00bb4px||-6px|||\u00bb custom_padding=\u00bb10px||21px|||\u00bb animation_style=\u00bbfade\u00bb animation_duration=\u00bb1300ms\u00bb global_colors_info=\u00bb{}\u00bb][et_pb_row _builder_version=\u00bb4.16&#8243; _module_preset=\u00bbdefault\u00bb custom_margin=\u00bb-3px|auto|43px|auto||\u00bb custom_padding=\u00bb4px||9px|||\u00bb global_colors_info=\u00bb{}\u00bb][et_pb_column type=\u00bb4_4&#8243; _builder_version=\u00bb4.16&#8243; _module_preset=\u00bbdefault\u00bb global_colors_info=\u00bb{}\u00bb][et_pb_text _builder_version=\u00bb4.23.1&#8243; _module_preset=\u00bbdefault\u00bb header_text_color=\u00bb#000000&#8243; header_2_font=\u00bb||||||||\u00bb header_2_text_color=\u00bb#000000&#8243; header_3_font=\u00bbMontserrat|500|||||||\u00bb header_3_text_color=\u00bb#000000&#8243; custom_margin=\u00bb30px||0px||false|false\u00bb custom_padding=\u00bb||0px|||\u00bb global_colors_info=\u00bb{}\u00bb]<\/p>\n<h2 class=\"tw-data-text tw-text-large tw-ta\" data-placeholder=\"Traducci\u00f3n\" dir=\"ltr\"><strong><span class=\"Y2IQFc\" lang=\"en\">La Diaria \/ <\/span><\/strong><span class=\"Y2IQFc\" lang=\"en\">En su centenario, Paez Vilaro ingresa al museo<\/span><\/h2>\n<p>[\/et_pb_text][et_pb_image src=\u00bbhttps:\/\/manualdabe.com\/wp-content\/uploads\/2025\/05\/ladiaria_En-su-centenario-Paez-Vilaro-ingresa-al-museo-782&#215;1024.jpg\u00bb title_text=\u00bbladiaria_En su centenario, Paez Vilaro ingresa al museo\u00bb url=\u00bbhttps:\/\/manualdabe.com\/wp-content\/uploads\/2025\/05\/ladiaria_En-su-centenario-Paez-Vilaro-ingresa-al-museo.pdf\u00bb url_new_window=\u00bbon\u00bb _builder_version=\u00bb4.23.1&#8243; _module_preset=\u00bbdefault\u00bb custom_margin=\u00bb3px||10px||false|false\u00bb global_colors_info=\u00bb{}\u00bb][\/et_pb_image][\/et_pb_column][\/et_pb_row][\/et_pb_section]<\/p>","protected":false},"excerpt":{"rendered":"<p>Algunos Art\u00edculos Peri\u00f3dicos:Premio Nacional de Prensa Escrita en Uruguay \/\u00a0UnescoManuela Aldabe es periodista, ha colaborado con distintos medios y plataformas en Italia, EEUU y Uruguay. Premio Nacional de Prensa Escrita en Uruguay \u201cMarcelo Jelen\u201d 2023 se form\u00f3 en Italia junto al artista y periodista sat\u00edrico italiano Riccardo Mannelli. Estudi\u00f3 Historia en la Universidad de Roma [&hellip;]<\/p>","protected":false},"author":1,"featured_media":0,"parent":0,"menu_order":0,"comment_status":"closed","ping_status":"closed","template":"","meta":{"_et_pb_use_builder":"on","_et_pb_old_content":"","_et_gb_content_width":"","footnotes":""},"class_list":["post-2926","page","type-page","status-publish","hentry"],"_links":{"self":[{"href":"https:\/\/manualdabe.com\/en\/wp-json\/wp\/v2\/pages\/2926","targetHints":{"allow":["GET"]}}],"collection":[{"href":"https:\/\/manualdabe.com\/en\/wp-json\/wp\/v2\/pages"}],"about":[{"href":"https:\/\/manualdabe.com\/en\/wp-json\/wp\/v2\/types\/page"}],"author":[{"embeddable":true,"href":"https:\/\/manualdabe.com\/en\/wp-json\/wp\/v2\/users\/1"}],"replies":[{"embeddable":true,"href":"https:\/\/manualdabe.com\/en\/wp-json\/wp\/v2\/comments?post=2926"}],"version-history":[{"count":55,"href":"https:\/\/manualdabe.com\/en\/wp-json\/wp\/v2\/pages\/2926\/revisions"}],"predecessor-version":[{"id":3066,"href":"https:\/\/manualdabe.com\/en\/wp-json\/wp\/v2\/pages\/2926\/revisions\/3066"}],"wp:attachment":[{"href":"https:\/\/manualdabe.com\/en\/wp-json\/wp\/v2\/media?parent=2926"}],"curies":[{"name":"wp","href":"https:\/\/api.w.org\/{rel}","templated":true}]}}