{"id":288,"date":"2021-11-14T20:34:42","date_gmt":"2021-11-14T20:34:42","guid":{"rendered":"https:\/\/manualdabe.com\/?page_id=288"},"modified":"2025-08-20T04:45:03","modified_gmt":"2025-08-20T04:45:03","slug":"inicio","status":"publish","type":"page","link":"https:\/\/manualdabe.com\/en\/","title":{"rendered":"Inicio"},"content":{"rendered":"<p>[et_pb_section fb_built=\u00bb1&#8243; fullwidth=\u00bbon\u00bb _builder_version=\u00bb4.23.1&#8243; _module_preset=\u00bbdefault\u00bb background_color=\u00bbRGBA(255,255,255,0)\u00bb custom_margin=\u00bb0px||0px||false|false\u00bb custom_padding=\u00bb0px||0px||false|false\u00bb animation_style=\u00bbfade\u00bb animation_duration=\u00bb1250ms\u00bb background_color_tablet=\u00bb#FFFFFF\u00bb background_last_edited=\u00bbon|phone\u00bb background_enable_color_tablet=\u00bbon\u00bb global_colors_info=\u00bb{}\u00bb][et_pb_fullwidth_slider arrows_custom_color=\u00bb#000000&#8243; _builder_version=\u00bb4.23.1&#8243; _module_preset=\u00bbdefault\u00bb header_font=\u00bb|700|||||||\u00bb header_text_color=\u00bb#000000&#8243; background_enable_color=\u00bboff\u00bb background_image=\u00bbhttps:\/\/manualdabe.com\/wp-content\/uploads\/2025\/08\/Subte-2025.jpg\u00bb custom_button=\u00bbon\u00bb button_text_color=\u00bb#000000&#8243; button_border_color=\u00bb#000000&#8243; min_height_tablet=\u00bb606.5px\u00bb min_height_phone=\u00bb606.5px\u00bb min_height_last_edited=\u00bbon|phone\u00bb custom_margin=\u00bb0px||10px||false|false\u00bb border_color_all=\u00bb#140404&#8243; global_colors_info=\u00bb{}\u00bb button_bg_color__hover_enabled=\u00bbon|hover\u00bb button_border_color__hover_enabled=\u00bbon|hover\u00bb button_border_color__hover=\u00bb#000000&#8243;][et_pb_slide button_link=\u00bbhttps:\/\/manualdabe.com\/trabajos-memoria\/\u00bb arrows_custom_color=\u00bb#000000&#8243; dot_nav_custom_color=\u00bbRGBA(255,255,255,0)\u00bb _builder_version=\u00bb4.23.1&#8243; _module_preset=\u00bbdefault\u00bb header_font=\u00bb|700|on||||||\u00bb background_color=\u00bb#FFFFFF\u00bb background_enable_color=\u00bbon\u00bb background_image=\u00bbhttps:\/\/manualdabe.com\/wp-content\/uploads\/2025\/08\/Subte-2025.jpg\u00bb background_enable_image=\u00bbon\u00bb background_size=\u00bbcontain\u00bb custom_button=\u00bbon\u00bb button_text_color=\u00bb#000000&#8243; button_border_color=\u00bb#000000&#8243; button_font=\u00bb|600|||||||\u00bb width=\u00bb100%\u00bb max_width=\u00bb100%\u00bb custom_padding=\u00bb20px||20px||true|false\u00bb link_option_url=\u00bbhttps:\/\/manualdabe.com\/trabajos-memoria\/\u00bb background_color_tablet=\u00bb#FFFFFF\u00bb background_color_phone=\u00bb#FFFFFF\u00bb background_last_edited=\u00bbon|desktop\u00bb background_enable_color_tablet=\u00bbon\u00bb background_enable_color_phone=\u00bbon\u00bb global_colors_info=\u00bb{}\u00bb button_bg_color__hover_enabled=\u00bbon|desktop\u00bb button_border_width__hover_enabled=\u00bbon|desktop\u00bb button_border_color__hover_enabled=\u00bbon|hover\u00bb button_border_radius__hover_enabled=\u00bbon|desktop\u00bb button_border_color__hover=\u00bb#000000&#8243; sticky_transition=\u00bbon\u00bb][\/et_pb_slide][et_pb_slide button_link=\u00bbhttps:\/\/manualdabe.com\/project\/that-is-a-woman\/\u00bb dot_nav_custom_color=\u00bbRGBA(255,255,255,0)\u00bb _builder_version=\u00bb4.23.1&#8243; _module_preset=\u00bbdefault\u00bb header_font=\u00bb|700|on||||||\u00bb background_color=\u00bb#FFFFFF\u00bb background_enable_color=\u00bbon\u00bb background_image=\u00bbhttps:\/\/manualdabe.com\/wp-content\/uploads\/2022\/02\/Delmira_Obra_Montevideo.jpg\u00bb background_enable_image=\u00bbon\u00bb background_size=\u00bbcontain\u00bb custom_button=\u00bbon\u00bb button_text_color=\u00bb#000000&#8243; button_border_color=\u00bb#000000&#8243; button_font=\u00bb|600|||||||\u00bb link_option_url=\u00bbhttps:\/\/manualdabe.com\/retrato-de-una-ausencia\/\u00bb global_colors_info=\u00bb{}\u00bb button_bg_color__hover_enabled=\u00bbon|desktop\u00bb button_border_width__hover_enabled=\u00bbon|desktop\u00bb button_border_color__hover_enabled=\u00bbon|hover\u00bb button_border_radius__hover_enabled=\u00bbon|desktop\u00bb button_border_color__hover=\u00bb#000000&#8243; sticky_transition=\u00bbon\u00bb][\/et_pb_slide][et_pb_slide dot_nav_custom_color=\u00bbRGBA(255,255,255,0)\u00bb _builder_version=\u00bb4.23.1&#8243; _module_preset=\u00bbdefault\u00bb header_font=\u00bb|700|on||||||\u00bb header_text_color=\u00bb#FFFFFF\u00bb background_color=\u00bb#FFFFFF\u00bb background_enable_color=\u00bbon\u00bb background_image=\u00bbhttps:\/\/manualdabe.com\/wp-content\/uploads\/2022\/03\/Las_Flores_de_Ida.jpg\u00bb background_enable_image=\u00bbon\u00bb background_size=\u00bbcontain\u00bb custom_button=\u00bbon\u00bb button_text_color=\u00bb#FFFFFF\u00bb button_border_color=\u00bb#FFFFFF\u00bb button_font=\u00bb|600|||||||\u00bb link_option_url=\u00bbhttps:\/\/manualdabe.com\/project\/las-flores-de-ida\/\u00bb background_last_edited=\u00bbon|phone\u00bb background_image_phone=\u00bbhttps:\/\/manualdabe.com\/wp-content\/uploads\/2022\/03\/retrato_de_Ida_Vitale.jpg\u00bb background_enable_image_phone=\u00bbon\u00bb global_colors_info=\u00bb{}\u00bb button_border_color__hover_enabled=\u00bbon|hover\u00bb button_border_color__hover=\u00bb#FFFFFF\u00bb button_border_width__hover_enabled=\u00bbon|desktop\u00bb sticky_transition=\u00bbon\u00bb][\/et_pb_slide][et_pb_slide button_link=\u00bbhttps:\/\/manualdabe.com\/project\/toco-tu-piel\/\u00bb dot_nav_custom_color=\u00bbRGBA(255,255,255,0)\u00bb _builder_version=\u00bb4.23.1&#8243; _module_preset=\u00bbdefault\u00bb background_color=\u00bb#FFFFFF\u00bb background_enable_color=\u00bbon\u00bb background_image=\u00bbhttps:\/\/manualdabe.com\/wp-content\/uploads\/2022\/03\/toco_tu_piel.jpg\u00bb background_enable_image=\u00bbon\u00bb background_size=\u00bbcontain\u00bb custom_button=\u00bbon\u00bb button_text_color=\u00bb#000000&#8243; button_bg_color=\u00bbRGBA(255,255,255,0)\u00bb button_border_color=\u00bb#000000&#8243; button_font=\u00bb|600|||||||\u00bb link_option_url=\u00bbhttps:\/\/manualdabe.com\/project\/toco-tu-piel\/\u00bb global_colors_info=\u00bb{}\u00bb button_border_color__hover_enabled=\u00bbon|hover\u00bb button_border_color__hover=\u00bb#000000&#8243; sticky_transition=\u00bbon\u00bb][\/et_pb_slide][et_pb_slide button_link=\u00bbhttps:\/\/manualdabe.com\/project\/planeta-azul\/\u00bb dot_nav_custom_color=\u00bbRGBA(255,255,255,0)\u00bb _builder_version=\u00bb4.23.1&#8243; _module_preset=\u00bbdefault\u00bb header_text_color=\u00bb#FFFFFF\u00bb background_color=\u00bb#FFFFFF\u00bb background_enable_color=\u00bbon\u00bb background_image=\u00bbhttps:\/\/manualdabe.com\/wp-content\/uploads\/2022\/03\/Planeta_azul.jpg\u00bb background_enable_image=\u00bbon\u00bb background_size=\u00bbcontain\u00bb custom_button=\u00bbon\u00bb button_text_color=\u00bb#FFFFFF\u00bb button_border_color=\u00bb#FFFFFF\u00bb button_font=\u00bb|600|||||||\u00bb link_option_url=\u00bbhttps:\/\/manualdabe.com\/project\/planeta-azul\/\u00bb global_colors_info=\u00bb{}\u00bb button_border_color__hover_enabled=\u00bbon|hover\u00bb button_border_color__hover=\u00bb#FFFFFF\u00bb sticky_transition=\u00bbon\u00bb][\/et_pb_slide][et_pb_slide button_link=\u00bbhttps:\/\/manualdabe.com\/project\/ariadna\/\u00bb dot_nav_custom_color=\u00bbRGBA(255,255,255,0)\u00bb _builder_version=\u00bb4.23.1&#8243; _module_preset=\u00bbdefault\u00bb header_text_color=\u00bb#FFFFFF\u00bb background_color=\u00bb#FFFFFF\u00bb background_enable_color=\u00bbon\u00bb background_image=\u00bbhttps:\/\/manualdabe.com\/wp-content\/uploads\/2022\/03\/Ariadna_.jpg\u00bb background_enable_image=\u00bbon\u00bb background_size=\u00bbcontain\u00bb custom_button=\u00bbon\u00bb button_text_color=\u00bb#FFFFFF\u00bb button_border_color=\u00bb#FFFFFF\u00bb button_font=\u00bb|600|||||||\u00bb global_colors_info=\u00bb{}\u00bb button_border_width__hover_enabled=\u00bbon|hover\u00bb button_border_color__hover_enabled=\u00bbon|desktop\u00bb button_border_color__hover=\u00bb#FFFFFF\u00bb sticky_transition=\u00bbon\u00bb][\/et_pb_slide][et_pb_slide dot_nav_custom_color=\u00bbRGBA(255,255,255,0)\u00bb _builder_version=\u00bb4.23.1&#8243; _module_preset=\u00bbdefault\u00bb header_text_color=\u00bb#FFFFFF\u00bb background_enable_color=\u00bboff\u00bb background_image=\u00bbhttps:\/\/manualdabe.com\/wp-content\/uploads\/2022\/04\/Planeta-Azul-parque-Museo-de-la-Memoria.jpg\u00bb background_enable_image=\u00bbon\u00bb background_size=\u00bbcontain\u00bb background_enable_video_mp4=\u00bboff\u00bb background_enable_video_webm=\u00bboff\u00bb custom_button=\u00bbon\u00bb button_text_color=\u00bb#FFFFFF\u00bb button_border_color=\u00bb#FFFFFF\u00bb button_font=\u00bb|600|||||||\u00bb link_option_url=\u00bbhttps:\/\/manualdabe.com\/project\/planeta-azul\/\u00bb global_colors_info=\u00bb{}\u00bb button_border_width__hover_enabled=\u00bbon|desktop\u00bb button_border_color__hover_enabled=\u00bbon|hover\u00bb button_border_color__hover=\u00bb#FFFFFF\u00bb sticky_transition=\u00bbon\u00bb][\/et_pb_slide][et_pb_slide button_link=\u00bbhttps:\/\/manualdabe.com\/project\/glicinas\/\u00bb _builder_version=\u00bb4.16&#8243; _module_preset=\u00bbdefault\u00bb header_text_color=\u00bb#FFFFFF\u00bb background_color=\u00bb#FFFFFF\u00bb background_enable_color=\u00bbon\u00bb background_image=\u00bbhttps:\/\/manualdabe.com\/wp-content\/uploads\/2022\/03\/Glicinas.jpg\u00bb background_enable_image=\u00bbon\u00bb background_size=\u00bbcontain\u00bb custom_button=\u00bbon\u00bb button_text_color=\u00bb#FFFFFF\u00bb button_border_color=\u00bb#FFFFFF\u00bb button_font=\u00bb|600|||||||\u00bb link_option_url=\u00bbhttps:\/\/manualdabe.com\/project\/glicinas\/\u00bb global_colors_info=\u00bb{}\u00bb button_border_width__hover_enabled=\u00bboff|desktop\u00bb button_border_color__hover_enabled=\u00bbon|hover\u00bb button_border_color__hover=\u00bb#FFFFFF\u00bb sticky_transition=\u00bbon\u00bb][\/et_pb_slide][et_pb_slide button_link=\u00bbhttps:\/\/manualdabe.com\/project\/sus-ojos-eran-azules\/\u00bb _builder_version=\u00bb4.16&#8243; _module_preset=\u00bbdefault\u00bb header_font=\u00bb|700|on||||||\u00bb header_text_color=\u00bb#FFFFFF\u00bb background_enable_color=\u00bboff\u00bb background_image=\u00bbhttps:\/\/manualdabe.com\/wp-content\/uploads\/2022\/03\/Sus_ojos_eran_azules.jpg\u00bb background_enable_image=\u00bbon\u00bb background_size=\u00bbcontain\u00bb custom_button=\u00bbon\u00bb button_text_color=\u00bb#FFFFFF\u00bb button_border_color=\u00bb#FFFFFF\u00bb button_font=\u00bb|600|||||||\u00bb link_option_url=\u00bbhttps:\/\/manualdabe.com\/project\/sus-ojos-eran-azules\/\u00bb global_colors_info=\u00bb{}\u00bb button_border_color__hover_enabled=\u00bbon|hover\u00bb button_border_color__hover=\u00bb#FFFFFF\u00bb button_border_width__hover_enabled=\u00bbon|desktop\u00bb sticky_transition=\u00bbon\u00bb][\/et_pb_slide][et_pb_slide button_link=\u00bbhttps:\/\/manualdabe.com\/project\/kyklos\/\u00bb _builder_version=\u00bb4.16&#8243; _module_preset=\u00bbdefault\u00bb background_color=\u00bbRGBA(255,255,255,0)\u00bb background_enable_color=\u00bbon\u00bb background_image=\u00bbhttps:\/\/manualdabe.com\/wp-content\/uploads\/2022\/03\/kyklos.jpg\u00bb background_enable_image=\u00bbon\u00bb background_size=\u00bbcontain\u00bb background_enable_video_mp4=\u00bboff\u00bb background_enable_video_webm=\u00bboff\u00bb custom_button=\u00bbon\u00bb button_text_color=\u00bb#000000&#8243; button_border_color=\u00bb#000000&#8243; button_font=\u00bb|600|||||||\u00bb link_option_url=\u00bbhttps:\/\/manualdabe.com\/project\/kyklos\/\u00bb global_colors_info=\u00bb{}\u00bb button_border_width__hover_enabled=\u00bbon|desktop\u00bb button_border_color__hover_enabled=\u00bbon|hover\u00bb button_border_color__hover=\u00bb#000000&#8243; sticky_transition=\u00bbon\u00bb][\/et_pb_slide][et_pb_slide button_link=\u00bbhttps:\/\/manualdabe.com\/project\/brugmansia-arborea\/\u00bb dot_nav_custom_color=\u00bbRGBA(255,255,255,0)\u00bb _builder_version=\u00bb4.23.1&#8243; _module_preset=\u00bbdefault\u00bb header_text_color=\u00bb#FFFFFF\u00bb background_enable_color=\u00bboff\u00bb background_image=\u00bbhttps:\/\/manualdabe.com\/wp-content\/uploads\/2022\/03\/Brugmansia-Arborea.jpg\u00bb background_enable_image=\u00bbon\u00bb background_size=\u00bbcontain\u00bb background_enable_video_mp4=\u00bboff\u00bb background_enable_video_webm=\u00bboff\u00bb custom_button=\u00bbon\u00bb button_text_color=\u00bb#FFFFFF\u00bb button_border_color=\u00bb#FFFFFF\u00bb button_font=\u00bb|600|||||||\u00bb link_option_url=\u00bbhttps:\/\/manualdabe.com\/project\/brugmansia-arborea\/\u00bb global_colors_info=\u00bb{}\u00bb button_border_width__hover_enabled=\u00bbon|desktop\u00bb button_border_color__hover_enabled=\u00bbon|hover\u00bb button_border_color__hover=\u00bb#FFFFFF\u00bb sticky_transition=\u00bbon\u00bb][\/et_pb_slide][et_pb_slide button_link=\u00bbhttps:\/\/manualdabe.com\/project\/hibisco\/\u00bb dot_nav_custom_color=\u00bbRGBA(255,255,255,0)\u00bb _builder_version=\u00bb4.23.1&#8243; _module_preset=\u00bbdefault\u00bb header_text_color=\u00bb#FFFFFF\u00bb background_enable_color=\u00bboff\u00bb background_image=\u00bbhttps:\/\/manualdabe.com\/wp-content\/uploads\/2022\/03\/Hibisco.jpg\u00bb background_enable_image=\u00bbon\u00bb background_size=\u00bbcontain\u00bb background_enable_video_mp4=\u00bboff\u00bb background_enable_video_webm=\u00bboff\u00bb custom_button=\u00bbon\u00bb button_text_color=\u00bb#FFFFFF\u00bb button_border_color=\u00bb#FFFFFF\u00bb button_font=\u00bb|600|||||||\u00bb link_option_url=\u00bbhttps:\/\/manualdabe.com\/project\/hibisco\/\u00bb global_colors_info=\u00bb{}\u00bb button_border_width__hover_enabled=\u00bbon|desktop\u00bb button_border_color__hover_enabled=\u00bbon|hover\u00bb button_border_color__hover=\u00bb#FFFFFF\u00bb sticky_transition=\u00bbon\u00bb][\/et_pb_slide][\/et_pb_fullwidth_slider][\/et_pb_section][et_pb_section fb_built=\u00bb1&#8243; _builder_version=\u00bb4.23.1&#8243; _module_preset=\u00bbdefault\u00bb custom_margin=\u00bb14px||33px|||\u00bb custom_padding=\u00bb36px||26px|||\u00bb animation_style=\u00bbfade\u00bb animation_duration=\u00bb1300ms\u00bb global_colors_info=\u00bb{}\u00bb][et_pb_row _builder_version=\u00bb4.23.1&#8243; _module_preset=\u00bbdefault\u00bb module_alignment=\u00bbcenter\u00bb custom_margin=\u00bb|auto|7px|auto||\u00bb custom_padding=\u00bb2px||3px|||\u00bb global_colors_info=\u00bb{}\u00bb][et_pb_column type=\u00bb4_4&#8243; _builder_version=\u00bb4.16&#8243; _module_preset=\u00bbdefault\u00bb global_colors_info=\u00bb{}\u00bb][et_pb_text _builder_version=\u00bb4.23.1&#8243; _module_preset=\u00bbdefault\u00bb text_font=\u00bb||||||||\u00bb custom_margin=\u00bb||-3px|||\u00bb hover_enabled=\u00bb0&#8243; global_colors_info=\u00bb{}\u00bb sticky_enabled=\u00bb0&#8243; text_font_size=\u00bb15px\u00bb text_line_height=\u00bb1.8em\u00bb]<\/p>\n<div>\n<div>\n<h2><strong>Memorias de la Tierra<\/strong><\/h2>\n<\/div>\n<\/div>\n<div>\n<div>\n<p><strong>Artista Manuela Aldabe Toribio, comisario Fernando L\u00f3pez Lage.<\/strong><\/p>\n<\/div>\n<\/div>\n<div>\n<p>Una investigaci\u00f3n art\u00edstica con las tierras de las fosas donde fueron halladas personas detenidas desaparecidas durante la \u00faltima dictadura c\u00edvico militar en Uruguay, (1973\/1985).<\/p>\n<\/div>\n<p>[\/et_pb_text][\/et_pb_column][\/et_pb_row][\/et_pb_section]<\/p>","protected":false},"excerpt":{"rendered":"<p>Memorias de la Tierra Artista Manuela Aldabe Toribio, comisario Fernando L\u00f3pez Lage. Una investigaci\u00f3n art\u00edstica con las tierras de las fosas donde fueron halladas personas detenidas desaparecidas durante la \u00faltima dictadura c\u00edvico militar en Uruguay, (1973\/1985).<\/p>","protected":false},"author":1,"featured_media":0,"parent":0,"menu_order":0,"comment_status":"closed","ping_status":"closed","template":"","meta":{"_et_pb_use_builder":"on","_et_pb_old_content":"","_et_gb_content_width":"","footnotes":""},"class_list":["post-288","page","type-page","status-publish","hentry"],"_links":{"self":[{"href":"https:\/\/manualdabe.com\/en\/wp-json\/wp\/v2\/pages\/288","targetHints":{"allow":["GET"]}}],"collection":[{"href":"https:\/\/manualdabe.com\/en\/wp-json\/wp\/v2\/pages"}],"about":[{"href":"https:\/\/manualdabe.com\/en\/wp-json\/wp\/v2\/types\/page"}],"author":[{"embeddable":true,"href":"https:\/\/manualdabe.com\/en\/wp-json\/wp\/v2\/users\/1"}],"replies":[{"embeddable":true,"href":"https:\/\/manualdabe.com\/en\/wp-json\/wp\/v2\/comments?post=288"}],"version-history":[{"count":140,"href":"https:\/\/manualdabe.com\/en\/wp-json\/wp\/v2\/pages\/288\/revisions"}],"predecessor-version":[{"id":3173,"href":"https:\/\/manualdabe.com\/en\/wp-json\/wp\/v2\/pages\/288\/revisions\/3173"}],"wp:attachment":[{"href":"https:\/\/manualdabe.com\/en\/wp-json\/wp\/v2\/media?parent=288"}],"curies":[{"name":"wp","href":"https:\/\/api.w.org\/{rel}","templated":true}]}}