{"id":2181,"date":"2022-03-31T03:47:18","date_gmt":"2022-03-31T03:47:18","guid":{"rendered":"https:\/\/manualdabe.com\/?page_id=2181"},"modified":"2025-05-30T04:41:11","modified_gmt":"2025-05-30T04:41:11","slug":"tecnicas","status":"publish","type":"page","link":"https:\/\/manualdabe.com\/en\/tecnicas\/","title":{"rendered":"T\u00e9cnicas"},"content":{"rendered":"<p>[et_pb_section fb_built=\u00bb1&#8243; admin_label=\u00bbFeatures\u00bb _builder_version=\u00bb4.23.1&#8243; _module_preset=\u00bbdefault\u00bb custom_padding=\u00bb3px||0px|||\u00bb hover_enabled=\u00bb0&#8243; locked=\u00bboff\u00bb global_colors_info=\u00bb{}\u00bb animation_style=\u00bbfade\u00bb animation_duration=\u00bb1350ms\u00bb sticky_enabled=\u00bb0&#8243;][et_pb_row column_structure=\u00bb1_4,3_4&#8243; _builder_version=\u00bb4.16&#8243; _module_preset=\u00bbdefault\u00bb custom_margin=\u00bb|auto|42px|auto||\u00bb custom_padding=\u00bb||23px|||\u00bb global_colors_info=\u00bb{}\u00bb][et_pb_column type=\u00bb1_4&#8243; _builder_version=\u00bb4.16&#8243; _module_preset=\u00bbdefault\u00bb global_colors_info=\u00bb{}\u00bb][et_pb_text _builder_version=\u00bb4.16&#8243; _module_preset=\u00bbc2849e14-f298-4e85-93bb-b7eb6ec6b099&#8243; header_font=\u00bbMontserrat|600|||||||\u00bb header_text_color=\u00bb#000000&#8243; header_font_size=\u00bb38px\u00bb header_line_height=\u00bb1.35em\u00bb custom_margin=\u00bb0px||0px||false|false\u00bb custom_margin_tablet=\u00bb||-10px||false|false\u00bb custom_margin_phone=\u00bb||-10px||false|false\u00bb custom_margin_last_edited=\u00bbon|phone\u00bb custom_padding=\u00bb0px||0px||false|false\u00bb header_font_size_tablet=\u00bb40px\u00bb header_font_size_phone=\u00bb28px\u00bb header_font_size_last_edited=\u00bbon|phone\u00bb global_colors_info=\u00bb{}\u00bb]<\/p>\n<h1>T\u00e9cnicas<\/h1>\n<p>[\/et_pb_text][et_pb_image src=\u00bbhttps:\/\/manualdabe.com\/wp-content\/uploads\/2022\/03\/emulsionado.jpg\u00bb title_text=\u00bbemulsionado\u00bb _builder_version=\u00bb4.16&#8243; _module_preset=\u00bbdefault\u00bb global_colors_info=\u00bb{}\u00bb][\/et_pb_image][\/et_pb_column][et_pb_column type=\u00bb3_4&#8243; _builder_version=\u00bb4.16&#8243; _module_preset=\u00bbdefault\u00bb global_colors_info=\u00bb{}\u00bb][et_pb_text _builder_version=\u00bb4.16&#8243; _module_preset=\u00bb3a5fa9a7-7987-4564-89a5-37b87a5b6ad8&#8243; header_font=\u00bbMontserrat|500|||||||\u00bb header_3_font=\u00bbMontserrat|500|||||||\u00bb header_3_text_color=\u00bb#000000&#8243; header_3_font_size=\u00bb24px\u00bb header_3_line_height=\u00bb1.4em\u00bb custom_margin=\u00bb80px||-10px||false|false\u00bb custom_margin_tablet=\u00bb||-10px||false|false\u00bb custom_margin_phone=\u00bb||-10px||false|false\u00bb custom_margin_last_edited=\u00bbon|desktop\u00bb custom_padding=\u00bb||0px||false|false\u00bb header_3_font_size_tablet=\u00bb20px\u00bb header_3_font_size_phone=\u00bb16px\u00bb header_3_font_size_last_edited=\u00bbon|phone\u00bb locked=\u00bboff\u00bb global_colors_info=\u00bb{}\u00bb]<\/p>\n<h3><span>Descripci\u00f3n procesos<\/span><\/h3>\n<p>[\/et_pb_text][et_pb_text _builder_version=\u00bb4.16&#8243; _module_preset=\u00bb16a54059-cc81-4572-9c70-eda6a6c419bf\u00bb text_font=\u00bbMontserrat|500|||||||\u00bb text_text_color=\u00bb#000000&#8243; text_font_size=\u00bb16px\u00bb text_line_height=\u00bb1.8em\u00bb link_font=\u00bb||||on||||\u00bb link_text_color=\u00bb#000000&#8243; ul_line_height=\u00bb2em\u00bb custom_margin=\u00bb-6px|||||\u00bb text_font_size_tablet=\u00bb15px\u00bb text_font_size_phone=\u00bb13px\u00bb text_font_size_last_edited=\u00bbon|phone\u00bb header_font_size_tablet=\u00bb55px\u00bb header_font_size_last_edited=\u00bboff|desktop\u00bb locked=\u00bboff\u00bb global_colors_info=\u00bb{}\u00bb]<\/p>\n<p>Realizo procesos fotogr\u00e1ficos que son casi alqu\u00edmicos, mis herramientas principales son las sales f\u00e9rricas y los rayos de sol. Pinto el papel con l\u00edquidos sensibles a la luz del sol, y luego los expongo y revelo, creando as\u00ed fotograf\u00edas artesanales. Utilizando antiguas t\u00e9cnicas fotogr\u00e1ficas como la cianotipia, el papel salado, o el platino paladio, realizo obras fotogr\u00e1ficas sin c\u00e1mara, por contacto directo entre el material sensible, las flores, las hojas, la tierra, las telas, y la luz, creando huellas que contienen la energ\u00eda de ese objeto. Intervengo cada obra con acuarelas, \u00f3leo, oro, tinta china o caf\u00e9. Los tiempos de exposici\u00f3n son muy largos, pueden llegar a sesenta minutos de exposici\u00f3n al sol, por eso cada exposici\u00f3n, cada foto, est\u00e1 llena de cuidado porque cada segundo que pasa estoy atenta a los cambios qu\u00edmicos que luego ser\u00e1n los resultados tomales y de contraste de cada obra.<\/p>\n<p>[\/et_pb_text][\/et_pb_column][\/et_pb_row][et_pb_row column_structure=\u00bb1_3,1_3,1_3&#8243; _builder_version=\u00bb4.16&#8243; _module_preset=\u00bbdefault\u00bb custom_margin=\u00bb40px|auto||auto||\u00bb custom_padding=\u00bb6px|||||\u00bb global_colors_info=\u00bb{}\u00bb][et_pb_column type=\u00bb1_3&#8243; _builder_version=\u00bb4.16&#8243; _module_preset=\u00bbdefault\u00bb global_colors_info=\u00bb{}\u00bb][et_pb_blurb title=\u00bbCianotipo\u00bb image_icon_width=\u00bb40px\u00bb icon_alignment=\u00bbleft\u00bb content_max_width=\u00bb100%\u00bb _builder_version=\u00bb4.16&#8243; _module_preset=\u00bb6e712727-0993-4f47-a922-0032e4c3d8f6&#8243; header_font=\u00bbMontserrat|700|||||||\u00bb header_font_size=\u00bb20px\u00bb header_line_height=\u00bb1.2em\u00bb body_font=\u00bbMontserrat||||||||\u00bb custom_margin=\u00bb||19px|||\u00bb animation=\u00bboff\u00bb header_font_size_tablet=\u00bb18px\u00bb header_font_size_phone=\u00bb16px\u00bb header_font_size_last_edited=\u00bbon|phone\u00bb body_font_size_tablet=\u00bb\u00bb body_font_size_phone=\u00bb13px\u00bb body_font_size_last_edited=\u00bbon|phone\u00bb locked=\u00bboff\u00bb global_colors_info=\u00bb{}\u00bb]<\/p>\n<div>El cianotipo, bluprint, o impresiones solares, es un proceso casi alqu\u00edmico, monocromo. Pinto el papel o el lienzo con un l\u00edquido sensible a los rayos uv, luego realizo la fotograf\u00eda exponiendo el material fotosensible a los rayos uv, y finalmente revelo con agua. El desarrollo de un cianotipo es muy ecol\u00f3gico porque s\u00f3lo necesita agua, no se utiliza ning\u00fan qu\u00edmico o fijador en el proceso.<\/div>\n<p>[\/et_pb_blurb][et_pb_blurb image_icon_width=\u00bb40px\u00bb icon_alignment=\u00bbleft\u00bb content_max_width=\u00bb100%\u00bb _builder_version=\u00bb4.16&#8243; _module_preset=\u00bb6e712727-0993-4f47-a922-0032e4c3d8f6&#8243; header_font=\u00bbMontserrat|700|||||||\u00bb header_font_size=\u00bb20px\u00bb header_line_height=\u00bb1.2em\u00bb body_font=\u00bbMontserrat||||||||\u00bb animation=\u00bboff\u00bb header_font_size_tablet=\u00bb18px\u00bb header_font_size_phone=\u00bb16px\u00bb header_font_size_last_edited=\u00bbon|phone\u00bb body_font_size_tablet=\u00bb\u00bb body_font_size_phone=\u00bb13px\u00bb body_font_size_last_edited=\u00bbon|phone\u00bb locked=\u00bboff\u00bb global_colors_info=\u00bb{}\u00bb]<\/p>\n<div>La cianotipia\u00a0es un sistema de impresi\u00f3n antiguo, inventado en Inglaterra en 1842 por John\u00a0Herschel\u00a0la emulsi\u00f3n fotogr\u00e1fica se prepara con dos sales de hierro diferentes y es sensible a los rayos UV por lo que la exposici\u00f3n se hace a la luz del sol, y se revela con agua, dando ese caracter\u00edstico todo de azul Prusia.<\/div>\n<p>[\/et_pb_blurb][et_pb_blurb title=\u00bbPlatino Paladio\u00bb image_icon_width=\u00bb40px\u00bb icon_alignment=\u00bbleft\u00bb content_max_width=\u00bb100%\u00bb _builder_version=\u00bb4.16&#8243; _module_preset=\u00bb6e712727-0993-4f47-a922-0032e4c3d8f6&#8243; header_font=\u00bbMontserrat|700|||||||\u00bb header_font_size=\u00bb20px\u00bb header_line_height=\u00bb1.2em\u00bb body_font=\u00bbMontserrat||||||||\u00bb animation=\u00bboff\u00bb header_font_size_tablet=\u00bb18px\u00bb header_font_size_phone=\u00bb16px\u00bb header_font_size_last_edited=\u00bbon|phone\u00bb body_font_size_tablet=\u00bb\u00bb body_font_size_phone=\u00bb13px\u00bb body_font_size_last_edited=\u00bbon|phone\u00bb locked=\u00bboff\u00bb global_colors_info=\u00bb{}\u00bb]<\/p>\n<div>\n<div>\u00a0Es la t\u00e9cnica fotogr\u00e1fica m\u00e1s hermosa, sensible, duradera, eterna. Se dice que antes de deshacerse la imagen se desintegrar\u00e1 el papel, es la t\u00e9cnica noble por excelencia, y la m\u00e1s costosa.<\/div>\n<\/div>\n<div><\/div>\n<p>[\/et_pb_blurb][\/et_pb_column][et_pb_column type=\u00bb1_3&#8243; _builder_version=\u00bb4.16&#8243; _module_preset=\u00bbdefault\u00bb global_colors_info=\u00bb{}\u00bb][et_pb_blurb title=\u00bbVan dyke Brown:\u00bb image_icon_width=\u00bb40px\u00bb icon_alignment=\u00bbleft\u00bb content_max_width=\u00bb100%\u00bb _builder_version=\u00bb4.16&#8243; _module_preset=\u00bb6e712727-0993-4f47-a922-0032e4c3d8f6&#8243; header_font=\u00bbMontserrat|700|||||||\u00bb header_font_size=\u00bb20px\u00bb header_line_height=\u00bb1.2em\u00bb body_font=\u00bbMontserrat||||||||\u00bb animation=\u00bboff\u00bb header_font_size_tablet=\u00bb18px\u00bb header_font_size_phone=\u00bb16px\u00bb header_font_size_last_edited=\u00bbon|phone\u00bb body_font_size_tablet=\u00bb\u00bb body_font_size_phone=\u00bb13px\u00bb body_font_size_last_edited=\u00bbon|phone\u00bb locked=\u00bboff\u00bb global_colors_info=\u00bb{}\u00bb]<\/p>\n<div>Este proceso es primo hermano de la cianotipia, utiliza sales f\u00e9rricas y nitrato de plata. Fue inventado por Herschel y su equipo de investigadores. Es un proceso hermoso, el nitrato de plata le da el tono marr\u00f3n caracter\u00edstico y a su vez aunmenta la sensibilidad, proponiendo una imagen m\u00e1s n\u00edtida y fiel, los tiempos de exposici\u00f3n son m\u00e1s breves que en la cianotipia.<\/div>\n<div><\/div>\n<p>[\/et_pb_blurb][et_pb_blurb title=\u00bbPapel salado\u00bb image_icon_width=\u00bb40px\u00bb icon_alignment=\u00bbleft\u00bb content_max_width=\u00bb100%\u00bb _builder_version=\u00bb4.16&#8243; _module_preset=\u00bb6e712727-0993-4f47-a922-0032e4c3d8f6&#8243; header_font=\u00bbMontserrat|700|||||||\u00bb header_font_size=\u00bb20px\u00bb header_line_height=\u00bb1.2em\u00bb body_font=\u00bbMontserrat||||||||\u00bb animation=\u00bboff\u00bb header_font_size_tablet=\u00bb18px\u00bb header_font_size_phone=\u00bb16px\u00bb header_font_size_last_edited=\u00bbon|phone\u00bb body_font_size_tablet=\u00bb\u00bb body_font_size_phone=\u00bb13px\u00bb body_font_size_last_edited=\u00bbon|phone\u00bb locked=\u00bboff\u00bb global_colors_info=\u00bb{}\u00bb]<\/p>\n<p><span>Es un proceso antiguo que se realiza en el cuarto oscuro, y solo se puede trabajar con luz roja. El papel debe ser ba\u00f1ado en sal, luego pintado con nitrato de plata y al realizar la fotograf\u00eda se expone al sol. Es muy dificil de realizar ya que el emulsionado se realiza casi en la oscuridad, pero sus resultados son maravillosos.<\/span><\/p>\n<p>[\/et_pb_blurb][\/et_pb_column][et_pb_column type=\u00bb1_3&#8243; _builder_version=\u00bb4.16&#8243; _module_preset=\u00bbdefault\u00bb global_colors_info=\u00bb{}\u00bb][et_pb_blurb title=\u00bbPlatinopia\u00bb image_icon_width=\u00bb40px\u00bb icon_alignment=\u00bbleft\u00bb content_max_width=\u00bb100%\u00bb _builder_version=\u00bb4.16&#8243; _module_preset=\u00bb6e712727-0993-4f47-a922-0032e4c3d8f6&#8243; header_font=\u00bbMontserrat|700|||||||\u00bb header_font_size=\u00bb20px\u00bb header_line_height=\u00bb1.2em\u00bb body_font=\u00bbMontserrat||||||||\u00bb animation=\u00bboff\u00bb header_font_size_tablet=\u00bb18px\u00bb header_font_size_phone=\u00bb16px\u00bb header_font_size_last_edited=\u00bbon|phone\u00bb body_font_size_tablet=\u00bb\u00bb body_font_size_phone=\u00bb13px\u00bb body_font_size_last_edited=\u00bbon|phone\u00bb locked=\u00bboff\u00bb global_colors_info=\u00bb{}\u00bb]<\/p>\n<p>La\u00a0platinotipia\u00a0es un antiguo procedimiento fotogr\u00e1fico que obtiene copias\u00a0monocromas\u00a0por\u00a0contacto<wbr \/>\u00a0en materiales sensibilizados con sales de\u00a0platino\u00a0y\u00a0hierro, tras un revelado con\u00a0oxalato. Fue un procedimiento considerado como\u00a0impresi\u00f3n noble\u00a0por los fot\u00f3grafos\u00a0pictorialistas.<\/p>\n<p>Una diferencia con el proceso de impresi\u00f3n de plata es que el platino se encuentra en la superficie del papel, mientras que la plata se encuentra en una\u00a0emulsi\u00f3n\u00a0de\u00a0gelatina\u00a0o\u00a0alb<wbr \/>\u00famina\u00a0que cubre el papel. Como resultado la imagen final est\u00e1 formada por platino impregnado en el papel, aunque en algunos casos se empleaba\u00a0paladio\u00a0en su lugar. En torno a 1918 dej\u00f3 de producirse el papel al platino necesario. Sin embargo a\u00fan se emplea utilizando medios artesanales, los qu\u00edmicos que uso los compro en California, pues no hay producci\u00f3n de este material tan exclusivo en mi regi\u00f3n latinoamericana.<\/p>\n<p>[\/et_pb_blurb][\/et_pb_column][\/et_pb_row][\/et_pb_section]<\/p>","protected":false},"excerpt":{"rendered":"<p>T\u00e9cnicasDescripci\u00f3n procesosRealizo procesos fotogr\u00e1ficos que son casi alqu\u00edmicos, mis herramientas principales son las sales f\u00e9rricas y los rayos de sol. Pinto el papel con l\u00edquidos sensibles a la luz del sol, y luego los expongo y revelo, creando as\u00ed fotograf\u00edas artesanales. Utilizando antiguas t\u00e9cnicas fotogr\u00e1ficas como la cianotipia, el papel salado, o el platino paladio, [&hellip;]<\/p>","protected":false},"author":1,"featured_media":0,"parent":0,"menu_order":0,"comment_status":"closed","ping_status":"closed","template":"","meta":{"_et_pb_use_builder":"on","_et_pb_old_content":"","_et_gb_content_width":"","footnotes":""},"class_list":["post-2181","page","type-page","status-publish","hentry"],"_links":{"self":[{"href":"https:\/\/manualdabe.com\/en\/wp-json\/wp\/v2\/pages\/2181","targetHints":{"allow":["GET"]}}],"collection":[{"href":"https:\/\/manualdabe.com\/en\/wp-json\/wp\/v2\/pages"}],"about":[{"href":"https:\/\/manualdabe.com\/en\/wp-json\/wp\/v2\/types\/page"}],"author":[{"embeddable":true,"href":"https:\/\/manualdabe.com\/en\/wp-json\/wp\/v2\/users\/1"}],"replies":[{"embeddable":true,"href":"https:\/\/manualdabe.com\/en\/wp-json\/wp\/v2\/comments?post=2181"}],"version-history":[{"count":161,"href":"https:\/\/manualdabe.com\/en\/wp-json\/wp\/v2\/pages\/2181\/revisions"}],"predecessor-version":[{"id":3038,"href":"https:\/\/manualdabe.com\/en\/wp-json\/wp\/v2\/pages\/2181\/revisions\/3038"}],"wp:attachment":[{"href":"https:\/\/manualdabe.com\/en\/wp-json\/wp\/v2\/media?parent=2181"}],"curies":[{"name":"wp","href":"https:\/\/api.w.org\/{rel}","templated":true}]}}